{"id":318,"date":"2025-08-10T14:14:23","date_gmt":"2025-08-10T12:14:23","guid":{"rendered":"https:\/\/pochon.ovh\/?page_id=318"},"modified":"2025-08-11T00:10:14","modified_gmt":"2025-08-10T22:10:14","slug":"conseils-si-vous-desirez-tenter-laventure","status":"publish","type":"page","link":"https:\/\/pochon.ovh\/index.php\/conseils-si-vous-desirez-tenter-laventure\/","title":{"rendered":"Si vous d\u00e9sirez tenter l&rsquo;aventure&#8230;"},"content":{"rendered":"\n<p class=\"wp-block-paragraph\">Suite \u00e0 notre exp\u00e9rience toute fra\u00eeche, voici ce que nous avons constat\u00e9, les \u00e9cueils que nous avons rencontr\u00e9s, les points que nous pourrions am\u00e9liorer \u00ab\u00a0pour la prochaine fois\u00a0\u00bb.<\/p>\n\n\n\n<p class=\"has-large-font-size wp-block-paragraph\"><strong>Pr\u00e9paration :<\/strong><\/p>\n\n\n\n<p class=\"wp-block-paragraph\"><strong>Quand partir ?<\/strong><\/p>\n\n\n\n<p class=\"wp-block-paragraph\">La meilleure p\u00e9riode pour visiter l&rsquo;Ecosse fait d\u00e9bat, mais si vous en avez la possibilit\u00e9 (ce n&rsquo;est pas notre cas), choisissez de partir un peu hors saison touristique. Il ne fait pas beaucoup moins beau et vous verrez moins de monde. On ressent bien mieux la magie d&rsquo;un lieu lorsqu&rsquo;on n&rsquo;est pas comprim\u00e9s au milieu d&rsquo;une foule de gens qui font exactement la m\u00eame chose que vous au m\u00eame moment. Bien s\u00fbr, il y a de la place, plein de place, mais les infrastructures d\u00e9bordent en saison (parking, ferries, points d&rsquo;int\u00e9r\u00eat.) Eh oui, l&rsquo;Ecosse est un lieu touristique mine de rien&#8230;<\/p>\n\n\n\n<p class=\"wp-block-paragraph\"><strong>Formalit\u00e9s administratives :<\/strong><\/p>\n\n\n\n<p class=\"wp-block-paragraph\">Vous devez remplir \u00e0 l&rsquo;avance une demande de visa \u00e9lectronique. Il vous faudra le passeport ou la carte d&rsquo;identit\u00e9 que vous allez utiliser. Le plus simple est de t\u00e9l\u00e9charger l&rsquo;app \u00ab\u00a0UK ETA\u00a0\u00bb sur votre smartphone. Elle vous guide de mani\u00e8re efficace pour scanner votre passeport, sa puce RFID, faire une photo de vous et payer avec votre carte de cr\u00e9dit. La d\u00e9marche est aussi possible sur ordi, mais plus compliqu\u00e9e. Attention si vous avez chang\u00e9 de coupe de cheveux ou si ceux-ci vont dans tous les sens: coiffez-vous sous peine de devoir recommencer dix fois !!!<\/p>\n\n\n\n<p class=\"wp-block-paragraph\"><strong>R\u00e9servations :<\/strong><\/p>\n\n\n\n<p class=\"wp-block-paragraph\">S&rsquo;y prendre \u00e0 l&rsquo;avance ! Nous avons eu de grosses difficult\u00e9s \u00e0 trouver des h\u00e9bergements qui nous convenaient. Tout est plein en saison. Aucune chance de \u00ab\u00a0tenter l&rsquo;aventure\u00a0\u00bb et de trouver le soir m\u00eame un h\u00e9bergement pour une famille, surtout sur les \u00eeles. R\u00e9servez vos h\u00f4tels et appartements plusieurs mois \u00e0 l&rsquo;avance. Nous avons fait les d\u00e9marches d\u00e8s le mois de mai pour ao\u00fbt et c&rsquo;\u00e9tait d\u00e9j\u00e0 tr\u00e8s plein, que ce soit pour des maisons ou des h\u00f4tels ! C&rsquo;est pire pour les \u00eeles car les possibilit\u00e9s sont encore plus r\u00e9duites et il y a le probl\u00e8me des ferries, \u00e0 r\u00e9server aussi \u00e0 l&rsquo;avance.<\/p>\n\n\n\n<p class=\"wp-block-paragraph\">Enfin, si vous tenez \u00e0 faire une activit\u00e9 particuli\u00e8re (visite de distillerie, excursion en mer, etc) c&rsquo;est idem. Ne comptez pas arriver et prendre le billet sur le moment! Et les bons restaurants sont souvent \u00e0 \u00ab\u00a0booker\u00a0\u00bb plusieurs jours \u00e0 l&rsquo;avance. Pensez-y lorsque vous changez de lieu et que vous arrivez le soir&#8230;<\/p>\n\n\n\n<p class=\"wp-block-paragraph\"><strong>Budget :<\/strong><\/p>\n\n\n\n<p class=\"wp-block-paragraph\">L&rsquo;Ecosse, c&rsquo;est cher. Il faut pratiquement compter avec des prix \u00e9quivalents \u00e0 ce qui se pratique en Suisse. Nous n&rsquo;avons pas tent\u00e9 l&rsquo;aventure camping-car, qui permet probablement de baisser le budget, mais ces v\u00e9hicules sont loin d&rsquo;\u00eatre les bienvenus partout. La plupart des parkings mentionnent \u00ab\u00a0strictly no overnight parking\u00a0\u00bb ou \u00ab\u00a0no camping-cars\u00a0\u00bb. Et les rares \u00ab\u00a0campings\u00a0\u00bb sont pris d&rsquo;assaut.<\/p>\n\n\n\n<p class=\"wp-block-paragraph\"><strong>Equipement :<\/strong><\/p>\n\n\n\n<p class=\"wp-block-paragraph\">Bonnes chaussures de marche (imperm\u00e9ables et montantes) indispensables. M\u00eame par temps sec, le sol est spongieux d\u00e8s qu&rsquo;on s&rsquo;\u00e9loigne du bitume. Il y a de l&rsquo;eau partout.<\/p>\n\n\n\n<p class=\"wp-block-paragraph\">Un bon imperm\u00e9able (coupe-vent) et des couches qu&rsquo;on peut enlever et remettre au gr\u00e9 du temps qui varie tr\u00e8s vite. Il nous est arriv\u00e9 de passer en 5 minutes du mode \u00ab\u00a0on a trop chaud en t-shirt\u00a0\u00bb au mode \u00ab\u00a0t-shirt+pull+polaire+veste et j&rsquo;ai encore froid\u00a0\u00bb.<\/p>\n\n\n\n<p class=\"wp-block-paragraph\">Si vous faites de la rando, les pantalons se salissent tr\u00e8s vite et peuvent se mouiller en un rien de temps (la pluie vient souvent \u00e0 l&rsquo;horizontale). Dans ce cas, un pantalon trekking et un pantalon d&rsquo;imperm\u00e9able sont \u00e9galement fortement recommand\u00e9s.<\/p>\n\n\n\n<p class=\"has-large-font-size wp-block-paragraph\"><strong>Sur place :<\/strong><\/p>\n\n\n\n<p class=\"wp-block-paragraph\"><strong>Argent &#8211; alimentation :<\/strong><\/p>\n\n\n\n<p class=\"wp-block-paragraph\">Le cash est encore demand\u00e9 dans certains endroits particuliers (petits commerces), mais la grande majorit\u00e9 des paiements se fait avec des cartes de cr\u00e9dit, voire exclusivement avec celles-ci.<\/p>\n\n\n\n<p class=\"wp-block-paragraph\">Dans les restaurants, le service n&rsquo;est pas toujours compris. Il est d&rsquo;usage de laisser 10% de pourboire environ. Parfois, c&rsquo;est ajout\u00e9 automatiquement, parfois une option lorsqu&rsquo;on vous pr\u00e9sente la machine \u00e0 cartes et souvent, c&rsquo;est laiss\u00e9 \u00e0 votre bon vouloir (mais perso, je laisse toujours quelque chose. On \u00e9vite de passer pour des blaireaux de touristes et \u00e7a d\u00e9tend l&rsquo;ambiance pour les suivants&#8230;)<\/p>\n\n\n\n<p class=\"wp-block-paragraph\">Les restaurants sont plut\u00f4t chers. On peut parfois bien manger dans les pubs, pour meilleur march\u00e9, mais avec des mets plus simples. <\/p>\n\n\n\n<p class=\"wp-block-paragraph\">Du point de vue des allergies alimentaires, \u00e7a se passe plut\u00f4t bien. Le personnel est au courant et peut vous informer si ce n&rsquo;est pas not\u00e9 sur la carte. Mais DEMANDEZ. On est au Royaume-Uni et la composition des aliments est parfois inattendue (saucisses avec de la farine dedans, par exemple&#8230;)<\/p>\n\n\n\n<p class=\"wp-block-paragraph\">Pr\u00e9voir des pic-nics pour midi, afin de ne pas passer la journ\u00e9e \u00e0 chercher des restos et \u00e0 y \u00eatre assis (\u00e0 moins que vous n&rsquo;aimiez \u00e7a, mais c&rsquo;est un peu dommage, il y a tant de choses \u00e0 voir&#8230;)<\/p>\n\n\n\n<p class=\"wp-block-paragraph\">Il y a partout des magasins et des supermarch\u00e9s qui permettent d&rsquo;acheter tout ce qu&rsquo;il faut. Bien s\u00fbr, certains go\u00fbts alimentaires nationaux sont un peu d\u00e9concertants, mais avec de la souplesse, \u00e7a passe tr\u00e8s bien. Par ailleurs, la viande (agneau), le poisson et les fruits de mer \u00e9cossais sont exceptionnels !<\/p>\n\n\n\n<p class=\"wp-block-paragraph\"><strong>D\u00e9placements :<\/strong><\/p>\n\n\n\n<p class=\"wp-block-paragraph\">La voiture est pratiquement indispensable. La conduite \u00e0 gauche peut effrayer mais on s&rsquo;y habitue tr\u00e8s vite. Attention lorsqu&rsquo;on reprend la route et dans les bifurcations&#8230; Si vous louez une voiture, pr\u00e9f\u00e9rez une automatique, c&rsquo;est un truc de moins \u00e0 apprendre (passer les vitesses avec l&rsquo;autre main&#8230;)<\/p>\n\n\n\n<p class=\"wp-block-paragraph\">L&rsquo;Ecosse, c&rsquo;est grand et les autoroutes sont rares. Pr\u00e9voyez de la marge pour vos d\u00e9placements, ne serait-ce que pour \u00eatre s\u00fbrs d&rsquo;arriver \u00e0 l&rsquo;heure et d&rsquo;avoir la possibilit\u00e9 de s&rsquo;arr\u00eater en chemin. En outre, les GPS et Google Maps sous-estiment syst\u00e9matiquement le temps n\u00e9cessaire sur les petites routes. Maps est tr\u00e8s nul pour signaler les bouchons de moutons et les ralentissements d\u00fbs au mauvais \u00e9tat ou \u00e0 l&rsquo;\u00e9troitesse des routes!!! Ce serait dommage de louper des endroits magnifiques car vous n&rsquo;avez pas le temps. Et des endroits magnifiques, il y en a partout.<\/p>\n\n\n\n<p class=\"wp-block-paragraph\">Je n&rsquo;ai pas tent\u00e9 l&rsquo;aventure en voiture depuis la Suisse. En tant que seul conducteur de la famille, cela ne me semblait pas raisonnable. J&rsquo;ai envisag\u00e9 le train pour des raisons \u00e9cologiques, mais c&rsquo;\u00e9tait incompatible avec la longueur de nos vacances. J&rsquo;ai donc fini par me r\u00e9soudre \u00e0 \u00e9mettre plein de CO2 en prenant l&rsquo;avion.<\/p>\n\n\n\n<p class=\"wp-block-paragraph\">Il existe bien s\u00fbr des bus en Ecosse et certaines personnes font les trajets \u00e0 v\u00e9lo mais cela va drastiquement limiter vos possibilit\u00e9s en campagne. L&rsquo;Ecosse, c&rsquo;est grand, je crois l&rsquo;avoir d\u00e9j\u00e0 dit&#8230;<\/p>\n\n\n\n<p class=\"wp-block-paragraph\">Par contre, aux alentours des grandes villes, les services de bus sont excellents et bon march\u00e9s. A Edinburgh, il y a des cartes journali\u00e8res familiales tout \u00e0 fait abordables. Et des apps pour smartphone comme chez nous (\u00e0 condition bien s\u00fbr d&rsquo;avoir une connexion de donn\u00e9es \u00e0 l&rsquo;\u00e9tranger).<\/p>\n\n\n\n<p class=\"wp-block-paragraph\"><strong>Animaux de compagnie :<\/strong><\/p>\n\n\n\n<p class=\"wp-block-paragraph\">Les anglais adorent les animaux domestiques et particuli\u00e8rement les chiens. Nous avons m\u00eame vu une pancarte \u00e0 l&rsquo;entr\u00e9e d&rsquo;un bar qui mentionnait \u00ab\u00a0Dogs welcome, humans tolerated\u00a0\u00bb.<\/p>\n\n\n\n<p class=\"wp-block-paragraph\">Par contre, pas question de salir le pays. Vous devez ramasser les d\u00e9jections de votre animal favori sous peine d&rsquo;amende en ville ou de gros soucis avec l&rsquo;agriculteur voisin. A Edinburgh, il y a des panneaux \u00ab\u00a0Your dog, your shit, your \u00a360 fine\u00a0\u00bb<\/p>\n\n\n\n<p class=\"wp-block-paragraph\">Bien regarder, toutefois, du point de vue des h\u00e9bergements, si c&rsquo;est autoris\u00e9 (c&rsquo;est un facteur limitant suppl\u00e9mentaire).<\/p>\n\n\n\n<p class=\"wp-block-paragraph\">Bien s\u00fbr, si vous voyagez avec une autruche ou un crocodile, renseignez-vous avant&#8230;<\/p>\n\n\n\n<p class=\"wp-block-paragraph\"><strong>Longueur du s\u00e9jour :<\/strong><\/p>\n\n\n\n<p class=\"wp-block-paragraph\">Pr\u00e9voyez deux semaines au moins et n&rsquo;imaginez pas pouvoir tout faire mais changez d&rsquo;endroit de temps en temps.<\/p>\n\n\n\n<p class=\"wp-block-paragraph\"><strong>Que voir ?<\/strong><\/p>\n\n\n\n<p class=\"wp-block-paragraph\">Vous avez l&#8217;embarras du choix: paysages, ch\u00e2teaux, mer, for\u00eat, \u00eeles, animaux, soyez \u00e0 l&rsquo;aff\u00fbt ! Et ne comptez pas trop sur les \u00ab\u00a0must see\u00a0\u00bb qui sont bond\u00e9s. Nous sommes all\u00e9s pr\u00e8s du pont de chemin de fer de Glenfinnan (le train d&rsquo;Harry Potter) sans m\u00eame nous arr\u00eater. On a vu en passant, on n&rsquo;a m\u00eame pas fait de photo.<\/p>\n\n\n\n<p class=\"wp-block-paragraph\">Deux possibilit\u00e9s pour vos excursions :<\/p>\n\n\n\n<ul class=\"wp-block-list\">\n<li>r\u00e9server \u00e0 l&rsquo;avance, au risque de se retrouver coinc\u00e9s par une m\u00e9t\u00e9o inadapt\u00e9e (une sortie en mer sous la pluie, c&rsquo;est pas le top&#8230;)<\/li>\n\n\n\n<li>Ne rien r\u00e9server et \u00eatre pr\u00eats \u00e0 changer de programme au dernier moment. C&rsquo;est ce que nous avons pratiqu\u00e9 pour nos visites et cela nous a plut\u00f4t satisfaits. On \u00e9tait quittes de se retrouver au milieu d&rsquo;un troupeau de touristes arm\u00e9s de perches \u00e0 selfies&#8230;<\/li>\n<\/ul>\n\n\n\n<p class=\"wp-block-paragraph\"><strong>M\u00e9t\u00e9o, jours, nuits et mar\u00e9es :<\/strong><\/p>\n\n\n\n<p class=\"wp-block-paragraph\">Nous avons eu de tout et c&rsquo;est tr\u00e8s changeant. Une constante est le vent. Pr\u00e9voyez de quoi vous couvrir les oreilles (surtout celles de vos enfants) sous peine de potentielle otite&#8230; Nos avons enregistr\u00e9 des temp\u00e9ratures variant entre 10 et 20 degr\u00e9s, selon les jours, les endroits et l&rsquo;altitude. Lorsqu&rsquo;il y a du soleil, c&rsquo;est tout de suite agr\u00e9able et comme l&rsquo;atmosph\u00e8re est humide on a un peu une impression de chaleur tropicale.<\/p>\n\n\n\n<p class=\"wp-block-paragraph\">La mer est baignable, mais froide. Nous n&rsquo;avons pas essay\u00e9. Mais les kayakistes et autres sportifs marins portent tous des combis isothermes&#8230;<\/p>\n\n\n\n<p class=\"wp-block-paragraph\">Bref, on dit l\u00e0-bas : si vous n&rsquo;aimez pas le temps qu&rsquo;il fait, attendez un moment !<\/p>\n\n\n\n<p class=\"wp-block-paragraph\">En outre, les jours sont tr\u00e8s longs en \u00e9t\u00e9 \u00e9tant donn\u00e9 que nous sommes plus au nord que la Suisse. Il fait jour tr\u00e8s t\u00f4t le matin, jusqu&rsquo;\u00e0 tr\u00e8s tard le soir. C&rsquo;est un avantage pour l&rsquo;observation des animaux. <\/p>\n\n\n\n<p class=\"wp-block-paragraph\">En hiver, ce sera bien entendu le contraire.<\/p>\n\n\n\n<p class=\"wp-block-paragraph\">Enfin, les mar\u00e9es sont tr\u00e8s importantes (de 3,5 \u00e0 5 m\u00e8tres, davantage encore aux \u00e9quinoxes), \u00e0 prendre en compte si vous laissez vos affaires sur la plage ou si vous vous rendez sur une petite \u00eele reli\u00e9e \u00e0 la terre ferme par un banc de sable : \u00e7a monte \u00e0 vue d&rsquo;\u0153il !<\/p>\n\n\n\n<p class=\"wp-block-paragraph\"><strong>Electronique et photos :<\/strong><\/p>\n\n\n\n<p class=\"wp-block-paragraph\">Les indications photographiques font l&rsquo;objet d&rsquo;une <a href=\"https:\/\/pochon.ovh\/index.php\/electronique-et-photos\/\" data-type=\"page\" data-id=\"334\">page sp\u00e9ciale<\/a>.<\/p>\n\n\n\n<figure class=\"wp-block-image size-large\"><img loading=\"lazy\" decoding=\"async\" width=\"1024\" height=\"683\" src=\"https:\/\/pochon.ovh\/wp-content\/uploads\/2025\/08\/2B9A1890-1024x683.jpg\" alt=\"\" class=\"wp-image-361\" srcset=\"https:\/\/pochon.ovh\/wp-content\/uploads\/2025\/08\/2B9A1890-1024x683.jpg 1024w, https:\/\/pochon.ovh\/wp-content\/uploads\/2025\/08\/2B9A1890-300x200.jpg 300w, https:\/\/pochon.ovh\/wp-content\/uploads\/2025\/08\/2B9A1890-768x512.jpg 768w, https:\/\/pochon.ovh\/wp-content\/uploads\/2025\/08\/2B9A1890-1536x1024.jpg 1536w, https:\/\/pochon.ovh\/wp-content\/uploads\/2025\/08\/2B9A1890.jpg 1620w\" sizes=\"auto, (max-width: 1024px) 100vw, 1024px\" \/><\/figure>\n\n\n\n<p class=\"wp-block-paragraph\"><em>Volcan ? Non, \u00eele de Skye !<\/em><\/p>\n\n\n\n<p class=\"wp-block-paragraph\"><\/p>\n","protected":false},"excerpt":{"rendered":"<p>Suite \u00e0 notre exp\u00e9rience toute fra\u00eeche, voici ce que nous avons constat\u00e9, les \u00e9cueils que nous avons rencontr\u00e9s, les points que nous pourrions am\u00e9liorer \u00ab\u00a0pour la prochaine fois\u00a0\u00bb. Pr\u00e9paration : Quand partir ? La meilleure p\u00e9riode pour visiter l&rsquo;Ecosse fait d\u00e9bat, mais si vous en avez la possibilit\u00e9 (ce n&rsquo;est pas notre cas), choisissez de [&hellip;]<\/p>\n","protected":false},"author":2,"featured_media":0,"parent":0,"menu_order":0,"comment_status":"closed","ping_status":"closed","template":"","meta":{"_crdt_document":"","footnotes":""},"class_list":["post-318","page","type-page","status-publish","hentry"],"_links":{"self":[{"href":"https:\/\/pochon.ovh\/index.php\/wp-json\/wp\/v2\/pages\/318","targetHints":{"allow":["GET"]}}],"collection":[{"href":"https:\/\/pochon.ovh\/index.php\/wp-json\/wp\/v2\/pages"}],"about":[{"href":"https:\/\/pochon.ovh\/index.php\/wp-json\/wp\/v2\/types\/page"}],"author":[{"embeddable":true,"href":"https:\/\/pochon.ovh\/index.php\/wp-json\/wp\/v2\/users\/2"}],"replies":[{"embeddable":true,"href":"https:\/\/pochon.ovh\/index.php\/wp-json\/wp\/v2\/comments?post=318"}],"version-history":[{"count":34,"href":"https:\/\/pochon.ovh\/index.php\/wp-json\/wp\/v2\/pages\/318\/revisions"}],"predecessor-version":[{"id":461,"href":"https:\/\/pochon.ovh\/index.php\/wp-json\/wp\/v2\/pages\/318\/revisions\/461"}],"wp:attachment":[{"href":"https:\/\/pochon.ovh\/index.php\/wp-json\/wp\/v2\/media?parent=318"}],"curies":[{"name":"wp","href":"https:\/\/api.w.org\/{rel}","templated":true}]}}