{"id":334,"date":"2025-08-10T16:52:32","date_gmt":"2025-08-10T14:52:32","guid":{"rendered":"https:\/\/pochon.ovh\/?page_id=334"},"modified":"2025-08-10T23:15:47","modified_gmt":"2025-08-10T21:15:47","slug":"electronique-et-photos","status":"publish","type":"page","link":"https:\/\/pochon.ovh\/index.php\/electronique-et-photos\/","title":{"rendered":"Electronique et photos&#8230;"},"content":{"rendered":"\n<p class=\"has-medium-font-size wp-block-paragraph\"><strong>Prises de courant :<\/strong><\/p>\n\n\n\n<p class=\"wp-block-paragraph\"><\/p>\n\n\n\n<p class=\"wp-block-paragraph\">Pour tous vos appareils, attention aux chargeurs. Les prises britanniques sont totalement diff\u00e9rentes des n\u00f4tres et \u00e7a n&rsquo;entre pas. L&rsquo;\u00e9norme majorit\u00e9 sont de type G (CF ci-dessous) \u00e0 part les rasoirs \u00e9lectriques (prises \u00ab\u00a0shavers only\u00a0\u00bb 1 amp\u00e8re dans les salles de bain) qui ne n\u00e9cessitent pas d&rsquo;adaptateur.<\/p>\n\n\n\n<p class=\"wp-block-paragraph\">Autre subtilit\u00e9 : chez les britanniques, les fusibles ne sont pas \u00e0 la cave mais directement dans la fiche. On le voit ci-dessous entre les \u00ab\u00a0pattes\u00a0\u00bb. Il existe des fusibles de 3 \u00e0 13 amp\u00e8res. Pas important pour les chargeurs de t\u00e9l\u00e9phone, mais attention si vous avez un s\u00e8che-cheveux : 5 amp\u00e8res au minimum (je vous laisse faire le calcul P=UI exact selon la puissance de votre s\u00e8che-cheveux&#8230;)<\/p>\n\n\n\n<figure class=\"wp-block-image size-full is-resized\"><img loading=\"lazy\" decoding=\"async\" width=\"468\" height=\"366\" src=\"https:\/\/pochon.ovh\/wp-content\/uploads\/2025\/08\/british-wall-plug.jpg\" alt=\"\" class=\"wp-image-336\" style=\"width:253px;height:auto\" srcset=\"https:\/\/pochon.ovh\/wp-content\/uploads\/2025\/08\/british-wall-plug.jpg 468w, https:\/\/pochon.ovh\/wp-content\/uploads\/2025\/08\/british-wall-plug-300x235.jpg 300w\" sizes=\"auto, (max-width: 468px) 100vw, 468px\" \/><figcaption class=\"wp-element-caption\"><em>source gajitz.com<\/em><\/figcaption><\/figure>\n\n\n\n<p class=\"wp-block-paragraph\">Notre famille de geeks ayant de gros besoins en recharges, nous transportions 2 adaptateurs + 1 multiprise CH.<\/p>\n\n\n\n<p class=\"wp-block-paragraph\">Il peut \u00eatre judicieux d&rsquo;avoir une prise pour allume-cigares ou un c\u00e2ble de charge USB-C \u00e0 brancher dans la voiture. L\u00e0, les normes sont identiques aux n\u00f4tres ! Et cela permet de connecter votre smartphone \u00e0 \u00ab\u00a0l&rsquo;infotainment\u00a0\u00bb de la voiture, qui devient de plus en plus standard.<\/p>\n\n\n\n<p class=\"has-medium-font-size wp-block-paragraph\"><strong>Connexion, donn\u00e9es mobiles, GPS :<\/strong><\/p>\n\n\n\n<p class=\"wp-block-paragraph\">L&rsquo;id\u00e9al est d&rsquo;acheter une carte SIM prepaid sur place, surtout si vous avez un t\u00e9l\u00e9phone dual SIM. Il en existe, selon vos besoins, de quelques gigas \u00e0 illimit\u00e9. R\u00e9gl\u00e9 en 5 minutes dans un Vodaphone shop \u00e0 Edinburgh: 300 gigas, appels et SMS illimit\u00e9s pour 30 jours et pour 30\u00a3. Pour le prix, le vendeur m&rsquo;a m\u00eame configur\u00e9 mon t\u00e9l\u00e9phone, pourtant en fran\u00e7ais!<\/p>\n\n\n\n<p class=\"wp-block-paragraph\">Vous pouvez ainsi communiquer \u00e0 l&rsquo;int\u00e9rieur du pays avec les num\u00e9ros fixes et mobiles GB sans que \u00e7a vous co\u00fbte un bras.<\/p>\n\n\n\n<p class=\"wp-block-paragraph\">La connexion de donn\u00e9es est tr\u00e8s utile, notamment pour la cartographie. En effet, les GPS de voiture sont souvent pris en d\u00e9faut lorsque vous cherchez des coins perdus. Celui de notre voiture de location (pourtant quasiment neuve) se vautrait lamentablement d\u00e8s qu&rsquo;on \u00e9tait dans des endroits recul\u00e9s. On utilisait donc Openstreet Maps (Organic Maps) ou Google Maps sur le t\u00e9l\u00e9phone dans ces situations. conseil pour ces apps : t\u00e9l\u00e9chargez les cartes \u00e0 l&rsquo;avance. La couverture du r\u00e9seau mobile n&rsquo;est pas aussi bonne qu&rsquo;en Suisse. Et sans r\u00e9seau dans un coin perdu, pas de cartes&#8230;<\/p>\n\n\n\n<p class=\"wp-block-paragraph\">Tous les h\u00e9bergements proposaient du Wi-Fi performant. Les Britanniques, suite au Brexit, n&rsquo;ont pas les conditions de roaming de l&rsquo;union europ\u00e9enne&#8230; Ils compensent donc avec du Wi-Fi pour leurs h\u00f4tes.<\/p>\n\n\n\n<p class=\"has-medium-font-size wp-block-paragraph\"><strong>Photo :<\/strong><\/p>\n\n\n\n<p class=\"wp-block-paragraph\">L\u00e0, les avis vont diverger&#8230;<\/p>\n\n\n\n<p class=\"wp-block-paragraph\"><strong>Smartphone ?<\/strong><\/p>\n\n\n\n<p class=\"wp-block-paragraph\">Si vous \u00eates un adepte des photos \u00ab\u00a0moi devant le machin \u00e0 voir\u00a0\u00bb, des photos de paysage en mode vertical et de l&rsquo;insupportable perche \u00e0 selfie, prenez votre t\u00e9l\u00e9phone et un chargeur. Eventuellement, ajoutez une carte microSD de bonne capacit\u00e9 dans votre appareil s&rsquo;il les supporte.  \u00c7a ira tr\u00e8s bien et vous voyagerez l\u00e9ger.<\/p>\n\n\n\n<p class=\"wp-block-paragraph\">Vos vid\u00e9os verticales pour Tik-Tok auront un son pourri \u00e0 cause du vent, mais c&rsquo;est pas bien grave&#8230;<\/p>\n\n\n\n<p class=\"wp-block-paragraph\"><strong>Autre mat\u00e9riel ?<\/strong> <\/p>\n\n\n\n<p class=\"wp-block-paragraph\">Le petit appareil ou la mini-cam\u00e9ra ne servent \u00e0 mon avis \u00e0 rien (j&rsquo;avais une Gopro, m\u00eame pas sortie&#8230;). \u00c7a ne fait pas de meilleures photos qu&rsquo;un smartphone et c&rsquo;est, \u00e0 moins que vous ne soyez un adepte de la d\u00e9connexion ou du \u00ab\u00a0dumbphone\u00a0\u00bb, un truc de plus \u00e0 prendre&#8230;<\/p>\n\n\n\n<p class=\"wp-block-paragraph\"><em>A partir de l\u00e0, je risque de perdre quelque peu celles et ceux qui n&rsquo;y connaissent pas grand-chose en matos&#8230;<\/em><\/p>\n\n\n\n<p class=\"wp-block-paragraph\">Pour les vraies photos, notamment animali\u00e8res, pr\u00e9voir du plus lourd ! Et m\u00eame avec \u00e7a, ce n&rsquo;est pas \u00e9vident. Les lumi\u00e8res changeantes de l&rsquo;Ecosse sont assez exigeantes question photo. En outre, le vent ainsi que la pluie viennent souvent jouer les trouble-f\u00eate.<\/p>\n\n\n\n<p class=\"wp-block-paragraph\">Pas cons\u00e9quent, un boitier, reflex ou hybride, tropicalis\u00e9 et de bonnes optiques me semblent une solution \u00e0 envisager. Mais tout cela a son poids, son prix et doit pouvoir \u00eatre prot\u00e9g\u00e9 de la pluie !!!<\/p>\n\n\n\n<p class=\"wp-block-paragraph\">Tips : pr\u00e9voyez plusieurs batteries pour pouvoir en changer en cours de journ\u00e9e&#8230; Et DES cartes m\u00e9moire rapides, de grande capacit\u00e9 : si l&rsquo;une est pleine ou d\u00e9fectueuse, il vous restera les autres.<\/p>\n\n\n\n<p class=\"wp-block-paragraph\">Pour les oiseaux qui volent, mode AF servo et shoot en rafale, puis virez sans piti\u00e9 tout ce qui est mauvais. Il vous en restera quelques unes de bonnes..<\/p>\n\n\n\n<p class=\"wp-block-paragraph\">Personnellement, j&rsquo;ai fait une erreur : j&rsquo;ai chang\u00e9 de bo\u00eetier juste avant de partir. Je n&rsquo;\u00e9tais donc pas assez familiaris\u00e9 avec le nouveau, ce qui m&rsquo;a fait rater quelques belles photos et en prendre un tas d&rsquo;autres qui, r\u00e9trospectivement, sont perfectibles. Mais bon, on dit souvent que les plus belles photos sont celles que l&rsquo;on a pas pu faire et que l&rsquo;on garde dans sa t\u00eate&#8230;<\/p>\n\n\n\n<p class=\"wp-block-paragraph\">Des puristes prendront  m\u00eame 2 bo\u00eetiers afin de limiter les changements d&rsquo;objectifs. J&rsquo;ai failli le faire mais j&rsquo;avais d\u00e9j\u00e0 une bonne dizaine de kilos d&rsquo;\u00e9lectronique sur le dos&#8230;<\/p>\n\n\n\n<p class=\"wp-block-paragraph\">J&rsquo;ai par ailleurs regrett\u00e9 de ne pas avoir pris mon tr\u00e9pied. Mon gros zoom avait carr\u00e9ment une prise au vent par moments et c&rsquo;\u00e9tait fatigant de la contrer.<\/p>\n\n\n\n<p class=\"wp-block-paragraph\">J&rsquo;avais pris mon flash, que je n&rsquo;ai pas utilis\u00e9, mais qui aurait pu \u00eatre pr\u00e9cieux dans certains ch\u00e2teaux. Mais il \u00e9tait souvent interdit d&rsquo;utiliser le flash. Et mon nouveau bo\u00eetier se comporte bien mieux en basse lumi\u00e8re que mon v\u00e9n\u00e9rable EOS 60D&#8230;<\/p>\n\n\n\n<p class=\"wp-block-paragraph\">Equipement minimal \u00e0 mon avis : un boitier, un objectif \u00ab\u00a0polyvalent\u00a0\u00bb (j&rsquo;avais un RF 18-150) et un gros zoom, tirant \u00e0 500mm ou plus (Tamron 150-600 pour moi et c&rsquo;\u00e9tait limite). Il doit y avoir un IS (objectif, bo\u00eetier ou les 2) pour pouvoir shooter en basse lumi\u00e8re. Si vous d\u00e9sirez faire de la vid\u00e9o, un micro externe avec une bonnette anti-vent efficace est totalement indispensable, sans quoi le son de votre vid\u00e9o sera ruin\u00e9 par le vent (j&rsquo;ai un Canon DM-E 100).<\/p>\n\n\n\n<figure class=\"wp-block-image size-large\"><img loading=\"lazy\" decoding=\"async\" width=\"1024\" height=\"683\" src=\"https:\/\/pochon.ovh\/wp-content\/uploads\/2025\/08\/IMG_1135-1024x683.jpg\" alt=\"Le mat\u00e9riel d\u00e9ploy\u00e9...\" class=\"wp-image-339\" srcset=\"https:\/\/pochon.ovh\/wp-content\/uploads\/2025\/08\/IMG_1135-1024x683.jpg 1024w, https:\/\/pochon.ovh\/wp-content\/uploads\/2025\/08\/IMG_1135-300x200.jpg 300w, https:\/\/pochon.ovh\/wp-content\/uploads\/2025\/08\/IMG_1135-768x512.jpg 768w, https:\/\/pochon.ovh\/wp-content\/uploads\/2025\/08\/IMG_1135-1536x1024.jpg 1536w, https:\/\/pochon.ovh\/wp-content\/uploads\/2025\/08\/IMG_1135.jpg 1620w\" sizes=\"auto, (max-width: 1024px) 100vw, 1024px\" \/><\/figure>\n\n\n\n<div class=\"wp-block-group\"><div class=\"wp-block-group__inner-container is-layout-constrained wp-block-group-is-layout-constrained\">\n<p class=\"wp-block-paragraph\"><em>Ci-dessus, le mat\u00e9riel d\u00e9ploy\u00e9&#8230;<\/em><\/p>\n<\/div><\/div>\n\n\n\n<p class=\"wp-block-paragraph\">Mon nouveau boitier APS-C EOS R7 avec IS et tropicalis\u00e9, apr\u00e8s avoir \u00e9t\u00e9 apprivois\u00e9, a fait des miracles du point de vue des basses lumi\u00e8res et du suivi des oiseaux en vol. Il n&rsquo;en reste pas moins qu&rsquo;il n&rsquo;est pas \u00e9vident de centrer un oiseau avec un 600 mm \u00e0 bout de bras, surtout quand on est dans un bateau qui bouge !!! Mais dans un endroit comme Skye, les animaux sauvages le sont vraiment. Pas question, donc, de s&rsquo;approcher et habits \u00e0 couleurs discr\u00e8tes requis !<\/p>\n\n\n\n<p class=\"wp-block-paragraph\">J&rsquo;ai aussi utilis\u00e9 un fisheye 7,5 mm, un macro 100 mm et un 17-70 F 2,8.<\/p>\n\n\n\n<p class=\"wp-block-paragraph\">Des filtres UV et polarisants sont aussi une bonne option pour les paysages ensoleill\u00e9s. Les pare-soleil sont \u00e9galement utiles.<\/p>\n\n\n\n<p class=\"wp-block-paragraph\">Tout cela doit tenir dans un sac compatible \u00ab\u00a0bagages \u00e0 main dans l&rsquo;avion\u00a0\u00bb et prot\u00e9g\u00e9 de la pluie. J&rsquo;ai un sac 30 litres avec protection pluie int\u00e9gr\u00e9e et bien s\u00fbr tout un tas de housses diverses, ainsi qu&rsquo;une veste photo (bien pratique pour changer l&rsquo;objectif sans le poser sur le sol spongieux&#8230;)<\/p>\n\n\n\n<figure class=\"wp-block-image size-large\"><img loading=\"lazy\" decoding=\"async\" width=\"1024\" height=\"683\" src=\"https:\/\/pochon.ovh\/wp-content\/uploads\/2025\/08\/IMG_1137-1024x683.jpg\" alt=\"\" class=\"wp-image-341\" srcset=\"https:\/\/pochon.ovh\/wp-content\/uploads\/2025\/08\/IMG_1137-1024x683.jpg 1024w, https:\/\/pochon.ovh\/wp-content\/uploads\/2025\/08\/IMG_1137-300x200.jpg 300w, https:\/\/pochon.ovh\/wp-content\/uploads\/2025\/08\/IMG_1137-768x512.jpg 768w, https:\/\/pochon.ovh\/wp-content\/uploads\/2025\/08\/IMG_1137-1536x1024.jpg 1536w, https:\/\/pochon.ovh\/wp-content\/uploads\/2025\/08\/IMG_1137.jpg 1620w\" sizes=\"auto, (max-width: 1024px) 100vw, 1024px\" \/><\/figure>\n\n\n\n<p class=\"wp-block-paragraph\"><em>Les housses de transport et de protection.<\/em><\/p>\n\n\n\n<p class=\"wp-block-paragraph\"><\/p>\n\n\n\n<p class=\"wp-block-paragraph\">Bien s\u00fbr, tout ceci n&rsquo;est qu&rsquo;un avis de photographe amateur sans pr\u00e9tention et je ne pense nullement avoir la meilleure solution. Juste celle qui me convient le mieux (pour mon budget&#8230;) Et chacun peut toujours s&rsquo;am\u00e9liorer.<\/p>\n\n\n\n<p class=\"wp-block-paragraph\">Mais il faut bien se rendre compte que vous ne pouvez pas faire de belles photos avec un smartphone dans des conditions difficiles. Un paysage ou un portrait au soleil, \u00e7a va, mais d\u00e8s qu&rsquo;on est en basse lumi\u00e8re, que c&rsquo;est loin ou que \u00e7a bouge (ou les 3 \u00e0 la fois), c&rsquo;est mort.<\/p>\n\n\n\n<p class=\"wp-block-paragraph\">Il me semble enfin qu&rsquo;on profite davantage de ses vacances avec un gros appareil car justement, il est plus difficile \u00e0 sortir et \u00e0 mettre en \u0153uvre. On l&rsquo;utilise donc seulement quand \u00e7a vaut la peine et le reste du temps, on a nos yeux et nos oreilles. Le smartphone, tellement facile \u00e0 utiliser, nous expose \u00e0 voir nos vacances \u00e0 travers un \u00e9cran et c&rsquo;est tellement dommage&#8230;<\/p>\n\n\n\n<p class=\"wp-block-paragraph\"><\/p>\n","protected":false},"excerpt":{"rendered":"<p>Prises de courant : Pour tous vos appareils, attention aux chargeurs. Les prises britanniques sont totalement diff\u00e9rentes des n\u00f4tres et \u00e7a n&rsquo;entre pas. L&rsquo;\u00e9norme majorit\u00e9 sont de type G (CF ci-dessous) \u00e0 part les rasoirs \u00e9lectriques (prises \u00ab\u00a0shavers only\u00a0\u00bb 1 amp\u00e8re dans les salles de bain) qui ne n\u00e9cessitent pas d&rsquo;adaptateur. Autre subtilit\u00e9 : chez [&hellip;]<\/p>\n","protected":false},"author":2,"featured_media":0,"parent":0,"menu_order":0,"comment_status":"closed","ping_status":"closed","template":"","meta":{"_crdt_document":"","footnotes":""},"class_list":["post-334","page","type-page","status-publish","hentry"],"_links":{"self":[{"href":"https:\/\/pochon.ovh\/index.php\/wp-json\/wp\/v2\/pages\/334","targetHints":{"allow":["GET"]}}],"collection":[{"href":"https:\/\/pochon.ovh\/index.php\/wp-json\/wp\/v2\/pages"}],"about":[{"href":"https:\/\/pochon.ovh\/index.php\/wp-json\/wp\/v2\/types\/page"}],"author":[{"embeddable":true,"href":"https:\/\/pochon.ovh\/index.php\/wp-json\/wp\/v2\/users\/2"}],"replies":[{"embeddable":true,"href":"https:\/\/pochon.ovh\/index.php\/wp-json\/wp\/v2\/comments?post=334"}],"version-history":[{"count":37,"href":"https:\/\/pochon.ovh\/index.php\/wp-json\/wp\/v2\/pages\/334\/revisions"}],"predecessor-version":[{"id":448,"href":"https:\/\/pochon.ovh\/index.php\/wp-json\/wp\/v2\/pages\/334\/revisions\/448"}],"wp:attachment":[{"href":"https:\/\/pochon.ovh\/index.php\/wp-json\/wp\/v2\/media?parent=334"}],"curies":[{"name":"wp","href":"https:\/\/api.w.org\/{rel}","templated":true}]}}