{"id":83,"date":"2025-07-28T22:42:18","date_gmt":"2025-07-28T20:42:18","guid":{"rendered":"https:\/\/pochon.ovh\/?page_id=83"},"modified":"2025-08-10T23:24:21","modified_gmt":"2025-08-10T21:24:21","slug":"nouvelles","status":"publish","type":"page","link":"https:\/\/pochon.ovh\/index.php\/nouvelles\/","title":{"rendered":"Nouvelles"},"content":{"rendered":"\n<p class=\"wp-block-paragraph\">Fin du voyage, qui ne sera probablement pas notre dernier dans ce coin du monde&#8230;<\/p>\n\n\n\n<p class=\"wp-block-paragraph\">Nous avons r\u00e9ussi, gr\u00e2ce \u00e0 des acc\u00e8s Internet performants et pr\u00e9sents partout o\u00f9 nous \u00e9tions, \u00e0 tenir ce site \u00e0 jour quotidiennement. Peut-\u00eatre l&rsquo;alimenterons nous encore par la suite, une fois que nous aurons tri\u00e9 et retrait\u00e9 les plus de 1000 clich\u00e9s pris lors du voyage. Nous esp\u00e9rons que vous aurez eu autant de plaisir \u00e0 consulter ce modeste blog que nous \u00e0 le r\u00e9aliser.<\/p>\n\n\n\n<p class=\"wp-block-paragraph\">Bon vent \u00e0 vous et si vous avez des questions, n&rsquo;h\u00e9sitez pas \u00e0 nous contacter.<\/p>\n\n\n\n<figure class=\"wp-block-image size-large\"><img loading=\"lazy\" decoding=\"async\" width=\"1024\" height=\"683\" src=\"https:\/\/pochon.ovh\/wp-content\/uploads\/2025\/08\/2B9A1582-1024x683.jpg\" alt=\"\" class=\"wp-image-357\" srcset=\"https:\/\/pochon.ovh\/wp-content\/uploads\/2025\/08\/2B9A1582-1024x683.jpg 1024w, https:\/\/pochon.ovh\/wp-content\/uploads\/2025\/08\/2B9A1582-300x200.jpg 300w, https:\/\/pochon.ovh\/wp-content\/uploads\/2025\/08\/2B9A1582-768x512.jpg 768w, https:\/\/pochon.ovh\/wp-content\/uploads\/2025\/08\/2B9A1582-1536x1024.jpg 1536w, https:\/\/pochon.ovh\/wp-content\/uploads\/2025\/08\/2B9A1582.jpg 1620w\" sizes=\"auto, (max-width: 1024px) 100vw, 1024px\" \/><\/figure>\n\n\n\n<p class=\"wp-block-paragraph\"><em>Petit loch sur la route entre Fort William et Skye.<\/em><\/p>\n\n\n\n<p class=\"wp-block-paragraph\"><\/p>\n","protected":false},"excerpt":{"rendered":"<p>Fin du voyage, qui ne sera probablement pas notre dernier dans ce coin du monde&#8230; Nous avons r\u00e9ussi, gr\u00e2ce \u00e0 des acc\u00e8s Internet performants et pr\u00e9sents partout o\u00f9 nous \u00e9tions, \u00e0 tenir ce site \u00e0 jour quotidiennement. Peut-\u00eatre l&rsquo;alimenterons nous encore par la suite, une fois que nous aurons tri\u00e9 et retrait\u00e9 les plus de [&hellip;]<\/p>\n","protected":false},"author":1,"featured_media":0,"parent":0,"menu_order":0,"comment_status":"closed","ping_status":"closed","template":"","meta":{"_crdt_document":"","footnotes":""},"class_list":["post-83","page","type-page","status-publish","hentry"],"_links":{"self":[{"href":"https:\/\/pochon.ovh\/index.php\/wp-json\/wp\/v2\/pages\/83","targetHints":{"allow":["GET"]}}],"collection":[{"href":"https:\/\/pochon.ovh\/index.php\/wp-json\/wp\/v2\/pages"}],"about":[{"href":"https:\/\/pochon.ovh\/index.php\/wp-json\/wp\/v2\/types\/page"}],"author":[{"embeddable":true,"href":"https:\/\/pochon.ovh\/index.php\/wp-json\/wp\/v2\/users\/1"}],"replies":[{"embeddable":true,"href":"https:\/\/pochon.ovh\/index.php\/wp-json\/wp\/v2\/comments?post=83"}],"version-history":[{"count":5,"href":"https:\/\/pochon.ovh\/index.php\/wp-json\/wp\/v2\/pages\/83\/revisions"}],"predecessor-version":[{"id":430,"href":"https:\/\/pochon.ovh\/index.php\/wp-json\/wp\/v2\/pages\/83\/revisions\/430"}],"wp:attachment":[{"href":"https:\/\/pochon.ovh\/index.php\/wp-json\/wp\/v2\/media?parent=83"}],"curies":[{"name":"wp","href":"https:\/\/api.w.org\/{rel}","templated":true}]}}